{"id":1893,"date":"2021-05-17T09:59:28","date_gmt":"2021-05-17T07:59:28","guid":{"rendered":"https:\/\/www.barnes-brussels.com\/charte-rgpd\/"},"modified":"2026-01-30T14:20:15","modified_gmt":"2026-01-30T13:20:15","slug":"wettelijke-bepalingen-en-handvest-avg","status":"publish","type":"page","link":"https:\/\/www.barnes-brussels.com\/nl\/wettelijke-bepalingen-en-handvest-avg\/","title":{"rendered":"Wettelijke bepalingen en Handvest AVG"},"content":{"rendered":"<h2>Barnes Brussel<\/h2>\n<p><strong>Identiteit van de onderneming<\/strong><br \/>\nOndernemingsnummer BE 0554963922<br \/>\nHandelsnaam en maatschappelijke benaming: BARNES \u2013 Senrab SRL<\/p>\n<p><strong>Onze contactgegevens<\/strong><br \/>\nLouizalaan 404a \u2013 1050 Brussel<br \/>\n02\/880 15 15<br \/>\n<a href=\"mailto:brussels@barnes-international.com\">brussels@barnes-international.com<\/a><\/p>\n<p>Erkend vastgoedmakelaar \u2013 bemiddelaar, erkend door het BIV, Fr\u00e9d\u00e9rique Pauport\u00e9 BIV 507242, erkenning verkregen in Belgi\u00eb \u2013<br \/>\n<a href=\"https:\/\/www.ipi.be\/sites\/default\/files\/download_document\/code_deontologie_2019.pdf\">raadpleeg de deontologische regels<\/a><\/p>\n<p>Bank: BE35736005681537<br \/>\nTel. +32 2 880 15 15<br \/>\nBeroepsaansprakelijkheid en borgstelling: nr. 730390160 bij AXA Belgium<br \/>\nVerantwoordelijke anti-witwasbeleid: Fr\u00e9d\u00e9rique Pauport\u00e9<br \/>\nVerantwoordelijke gegevensverwerking: Fr\u00e9d\u00e9rique Pauport\u00e9<\/p>\n<hr>\n<p><strong>Toezichthoudende autoriteit:<\/strong><br \/>\nBeroepsinstituut van Vastgoedmakelaars (BIV)<br \/>\nLuxemburgstraat 16B \u2013 1000 Brussel<br \/>\nTel.: +32 2 505 38 50<br \/>\nE-mail: info@biv.be<\/p>\n<p>Onderworpen aan de deontologische code van het BIV.<br \/>\n<a href=\"https:\/\/www.ipi.be\/kb\/la-profession\/mentions-obligatoires\/mentions-obligatoires-sur-votre-site-internet-et-reseaux-sociaux\" target=\"_blank\" rel=\"noopener\"><br \/>\nRaadpleeg de deontologische regels.<br \/>\n<\/a><\/p>\n<hr>\n<h2>Bescherming van de privacy en consumentenrechten (GDPR\/AVG)<\/h2>\n<p><em>Dit gedeelte beschrijft het beleid van ons kantoor bij de verwerking van persoonsgegevens. Dit beleid is van toepassing op zowel geautomatiseerde als manuele verwerkingen.<\/em><\/p>\n<p><strong>Verwerking van persoonsgegevens van bezoekers en gebruikers<\/strong><\/p>\n<p>Ons vastgoedkantoor verwerkt de persoonsgegevens die u via onze website of tijdens evenementen georganiseerd door BARNES verstrekt, uitsluitend om uw aanvraag correct te kunnen behandelen.<\/p>\n<p>Persoonsgegevens worden enkel doorgegeven aan het personeel dat belast is met de verwerking van uw aanvraag. Deze gegevens kunnen, indien noodzakelijk, gedeeld worden met externe partijen voor de uitvoering van de dienstverlening.<\/p>\n<p>Indien u bepaalde noodzakelijke gegevens weigert te verstrekken, kan het zijn dat wij uw aanvraag niet kunnen behandelen.<\/p>\n<p>Door deze voorwaarden te aanvaarden, ontvangt u de gevraagde informatie, vastgoedaanbiedingen die overeenstemmen met uw criteria en eventueel nieuwsbrieven of informatie over onze diensten. Deze communicatie kan gepersonaliseerd zijn.<\/p>\n<p>Er worden geen gegevens automatisch verzameld, behalve anonieme statistieken via tools zoals Google Analytics (IP-adres, browser, bezochte pagina\u2019s).<\/p>\n<p>Wij kunnen cookies gebruiken om uw voorkeuren, taal of logininformatie te bewaren. Cookies zijn kleine bestanden die het gebruik van de website vergemakkelijken.<\/p>\n<p>Gegevens worden uitsluitend intern gebruikt en nooit verkocht aan derden. Ze kunnen enkel aan bevoegde autoriteiten worden overgemaakt wanneer dit wettelijk vereist is.<\/p>\n<p>Wij nemen passende veiligheidsmaatregelen om verlies, misbruik of wijziging van gegevens te voorkomen.<\/p>\n<p>Alle medewerkers met toegang tot uw gegevens zijn gebonden aan een strikte vertrouwelijkheid.<\/p>\n<p>Wij zijn niet verantwoordelijk voor het privacybeleid van externe websites waarnaar gelinkt wordt.<\/p>\n<p>Gegevens worden enkel bewaard zolang dit noodzakelijk is voor de gevraagde dienstverlening.<\/p>\n<p><strong>Remarketing<\/strong><\/p>\n<p>Wij maken gebruik van digitale advertentiediensten zoals Google Ads of remarketingplatformen om anonieme advertenties te tonen op basis van uw surfgedrag.<\/p>\n<p>Indien u dit niet wenst, kunt u uw voorkeuren aanpassen via:<br \/>\n<a href=\"https:\/\/www.google.com\/settings\/u\/0\/ads?hl=nl\">Google Privacycentrum<\/a><\/p>\n<p><strong>Actualisering<\/strong><\/p>\n<p>Ons kantoor behoudt zich het recht voor dit beleid regelmatig te actualiseren. Enkel de meest recente versie is van toepassing.<\/p>\n<p><strong>Uw rechten<\/strong><\/p>\n<ul>\n<li><strong>Recht op inzage<\/strong> in uw gegevens<\/li>\n<li><strong>Recht op verbetering<\/strong> van foutieve gegevens<\/li>\n<li><strong>Recht op verwijdering<\/strong> (recht om vergeten te worden)<\/li>\n<li><strong>Recht op beperking<\/strong> van de verwerking<\/li>\n<li><strong>Recht op overdraagbaarheid<\/strong> van gegevens<\/li>\n<li><strong>Recht van bezwaar<\/strong> tegen verwerking of prospectie<\/li>\n<\/ul>\n<p>U kunt deze rechten op elk moment uitoefenen via:<\/p>\n<p><strong>Barnes Brussel<\/strong><br \/>\nLouizalaan 404a \u2013 1050 Brussel<br \/>\n<a href=\"mailto:brussels@barnes-international.com\">brussels@barnes-international.com<\/a><br \/>\n+32 2 880 15 15<\/p>\n<hr>\n<h2>Algemene gebruiksvoorwaarden van de website<\/h2>\n<p><strong>Aanvaarding van de voorwaarden<\/strong><br \/>\nDeze website is onderworpen aan het Belgisch recht. Door de site te gebruiken aanvaardt de bezoeker deze voorwaarden.<\/p>\n<p><strong>Diensten<\/strong><br \/>\nDe aangeboden informatie en goederen worden te goeder trouw en zo nauwkeurig mogelijk weergegeven.<\/p>\n<p>Afbeeldingen hebben geen contractuele waarde.<\/p>\n<p><strong>Beschikbaarheid<\/strong><br \/>\nWij kunnen niet aansprakelijk worden gesteld voor eventuele onbeschikbaarheid van de diensten.<\/p>\n<p><strong>Aansprakelijkheidsbeperking<\/strong><br \/>\nWij zijn niet aansprakelijk voor fouten, onjuistheden of overmacht.<\/p>\n<p><strong>Intellectuele eigendom<\/strong><br \/>\nAlle inhoud van deze website (teksten, beelden, geluiden) is beschermd en mag niet worden gereproduceerd zonder voorafgaande toestemming.<\/p>\n","protected":false},"excerpt":{"rendered":"<p>Barnes Brussel Identiteit van de onderneming Ondernemingsnummer BE 0554963922 Handelsnaam en maatschappelijke benaming: BARNES \u2013 Senrab SRL Onze contactgegevens Louizalaan 404a \u2013 1050 Brussel 02\/880 15 15 brussels@barnes-international.com Erkend vastgoedmakelaar \u2013 bemiddelaar, erkend door het BIV, Fr\u00e9d\u00e9rique Pauport\u00e9 BIV 507242, erkenning verkregen in Belgi\u00eb \u2013 raadpleeg de deontologische regels Bank: BE35736005681537 Tel. +32 2 880 [&hellip;]<\/p>\n","protected":false},"author":8,"featured_media":0,"parent":0,"menu_order":0,"comment_status":"closed","ping_status":"closed","template":"","meta":{"_acf_changed":false,"footnotes":""},"class_list":["post-1893","page","type-page","status-publish","hentry"],"acf":[],"_links":{"self":[{"href":"https:\/\/www.barnes-brussels.com\/nl\/wp-json\/wp\/v2\/pages\/1893","targetHints":{"allow":["GET"]}}],"collection":[{"href":"https:\/\/www.barnes-brussels.com\/nl\/wp-json\/wp\/v2\/pages"}],"about":[{"href":"https:\/\/www.barnes-brussels.com\/nl\/wp-json\/wp\/v2\/types\/page"}],"author":[{"embeddable":true,"href":"https:\/\/www.barnes-brussels.com\/nl\/wp-json\/wp\/v2\/users\/8"}],"replies":[{"embeddable":true,"href":"https:\/\/www.barnes-brussels.com\/nl\/wp-json\/wp\/v2\/comments?post=1893"}],"version-history":[{"count":0,"href":"https:\/\/www.barnes-brussels.com\/nl\/wp-json\/wp\/v2\/pages\/1893\/revisions"}],"wp:attachment":[{"href":"https:\/\/www.barnes-brussels.com\/nl\/wp-json\/wp\/v2\/media?parent=1893"}],"curies":[{"name":"wp","href":"https:\/\/api.w.org\/{rel}","templated":true}]}}